{"id":98011,"date":"2024-10-07T11:26:14","date_gmt":"2024-10-07T09:26:14","guid":{"rendered":"https:\/\/www.alessandrobini.com\/?post_type=product&#038;p=98011"},"modified":"2024-10-07T21:22:20","modified_gmt":"2024-10-07T19:22:20","slug":"new-life","status":"publish","type":"product","link":"https:\/\/www.alessandrobini.com\/fr\/alessandro-bini-tessuti-dal-mondo-fr\/prodotti\/new-life\/","title":{"rendered":"NEW LIFE"},"content":{"rendered":"<p><strong>New Life<\/strong> est un tissu 100 % coton biologique et recycl\u00e9 qui allie innovation et durabilit\u00e9.<\/p>\n<p>Ses nuances de couleur tendance et sa main douce, obtenue gr\u00e2ce \u00e0 un processus de polissage pendant la phase de finition, en font un produit polyvalent adapt\u00e9 \u00e0 la r\u00e9alisation de canap\u00e9s, de fauteuils et d&#8217;accessoires d&#8217;ameublement au go\u00fbt frais et naturel.<\/p>\n","protected":false},"excerpt":{"rendered":"<p>New Life est un tissu 100 % coton biologique et recycl\u00e9 qui allie innovation et durabilit\u00e9. Ses nuances de couleur tendance et sa main douce, obtenue gr\u00e2ce \u00e0 un processus de polissage pendant la phase de finition, en font un produit polyvalent adapt\u00e9 \u00e0 la r\u00e9alisation de canap\u00e9s, de fauteuils et d&#8217;accessoires d&#8217;ameublement au go\u00fbt [&hellip;]<\/p>\n","protected":false},"featured_media":114444,"template":"","meta":{"_acf_changed":false},"product_brand":[],"product_cat":[9324],"product_tag":[],"collezione":[],"class_list":{"0":"post-98011","1":"product","2":"type-product","3":"status-publish","4":"has-post-thumbnail","6":"product_cat-alessandro-bini-tessuti-dal-mondo-fr","8":"first","9":"instock","10":"taxable","11":"shipping-taxable","12":"purchasable","13":"product-type-variable"},"acf":[],"_links":{"self":[{"href":"https:\/\/www.alessandrobini.com\/fr\/wp-json\/wp\/v2\/product\/98011","targetHints":{"allow":["GET"]}}],"collection":[{"href":"https:\/\/www.alessandrobini.com\/fr\/wp-json\/wp\/v2\/product"}],"about":[{"href":"https:\/\/www.alessandrobini.com\/fr\/wp-json\/wp\/v2\/types\/product"}],"wp:featuredmedia":[{"embeddable":true,"href":"https:\/\/www.alessandrobini.com\/fr\/wp-json\/wp\/v2\/media\/114444"}],"wp:attachment":[{"href":"https:\/\/www.alessandrobini.com\/fr\/wp-json\/wp\/v2\/media?parent=98011"}],"wp:term":[{"taxonomy":"product_brand","embeddable":true,"href":"https:\/\/www.alessandrobini.com\/fr\/wp-json\/wp\/v2\/product_brand?post=98011"},{"taxonomy":"product_cat","embeddable":true,"href":"https:\/\/www.alessandrobini.com\/fr\/wp-json\/wp\/v2\/product_cat?post=98011"},{"taxonomy":"product_tag","embeddable":true,"href":"https:\/\/www.alessandrobini.com\/fr\/wp-json\/wp\/v2\/product_tag?post=98011"},{"taxonomy":"collezione","embeddable":true,"href":"https:\/\/www.alessandrobini.com\/fr\/wp-json\/wp\/v2\/collezione?post=98011"}],"curies":[{"name":"wp","href":"https:\/\/api.w.org\/{rel}","templated":true}]}}