{"id":96028,"date":"2024-01-18T18:03:30","date_gmt":"2024-01-18T17:03:30","guid":{"rendered":"https:\/\/www.alessandrobini.com\/?post_type=product&#038;p=96028"},"modified":"2026-04-01T10:31:14","modified_gmt":"2026-04-01T08:31:14","slug":"spello","status":"publish","type":"product","link":"https:\/\/www.alessandrobini.com\/fr\/alessandro-bini-tessuti-ditalia\/prodotti\/spello\/","title":{"rendered":"Umbria Collection Spello"},"content":{"rendered":"<p class=\"p1\">Faux uni ignifug\u00e9, il peut \u00eatre coordonn\u00e9 avec les tissus \u00e0 tentures Montefalco et Orvieto de la collection Umbria pour la d\u00e9coration r\u00e9sidentielle, navale et h\u00f4teli\u00e8re de prestige.<\/p>\n","protected":false},"excerpt":{"rendered":"<p>Faux uni ignifug\u00e9, il peut \u00eatre coordonn\u00e9 avec les tissus \u00e0 tentures Montefalco et Orvieto de la collection Umbria pour la d\u00e9coration r\u00e9sidentielle, navale et h\u00f4teli\u00e8re de prestige.<\/p>\n","protected":false},"featured_media":95472,"template":"","meta":{"_acf_changed":false},"product_brand":[],"product_cat":[9016],"product_tag":[],"collezione":[],"class_list":{"0":"post-96028","1":"product","2":"type-product","3":"status-publish","4":"has-post-thumbnail","6":"product_cat-alessandro-bini-tessuti-ditalia-fr","8":"first","9":"instock","10":"taxable","11":"shipping-taxable","12":"purchasable","13":"product-type-variable"},"acf":[],"_links":{"self":[{"href":"https:\/\/www.alessandrobini.com\/fr\/wp-json\/wp\/v2\/product\/96028","targetHints":{"allow":["GET"]}}],"collection":[{"href":"https:\/\/www.alessandrobini.com\/fr\/wp-json\/wp\/v2\/product"}],"about":[{"href":"https:\/\/www.alessandrobini.com\/fr\/wp-json\/wp\/v2\/types\/product"}],"wp:featuredmedia":[{"embeddable":true,"href":"https:\/\/www.alessandrobini.com\/fr\/wp-json\/wp\/v2\/media\/95472"}],"wp:attachment":[{"href":"https:\/\/www.alessandrobini.com\/fr\/wp-json\/wp\/v2\/media?parent=96028"}],"wp:term":[{"taxonomy":"product_brand","embeddable":true,"href":"https:\/\/www.alessandrobini.com\/fr\/wp-json\/wp\/v2\/product_brand?post=96028"},{"taxonomy":"product_cat","embeddable":true,"href":"https:\/\/www.alessandrobini.com\/fr\/wp-json\/wp\/v2\/product_cat?post=96028"},{"taxonomy":"product_tag","embeddable":true,"href":"https:\/\/www.alessandrobini.com\/fr\/wp-json\/wp\/v2\/product_tag?post=96028"},{"taxonomy":"collezione","embeddable":true,"href":"https:\/\/www.alessandrobini.com\/fr\/wp-json\/wp\/v2\/collezione?post=96028"}],"curies":[{"name":"wp","href":"https:\/\/api.w.org\/{rel}","templated":true}]}}