{"id":95983,"date":"2024-01-18T17:41:18","date_gmt":"2024-01-18T16:41:18","guid":{"rendered":"https:\/\/www.alessandrobini.com\/?post_type=product&#038;p=95983"},"modified":"2026-04-01T10:31:23","modified_gmt":"2026-04-01T08:31:23","slug":"montefalco","status":"publish","type":"product","link":"https:\/\/www.alessandrobini.com\/fr\/alessandro-bini-tessuti-ditalia\/prodotti\/montefalco\/","title":{"rendered":"Umbria Collection Montefalco"},"content":{"rendered":"<p class=\"p1\">Un tissu \u00e0 tentures \u00e0 chevrons avec un effet naturel\u00a0: un look contemporain lumineux, \u00e9l\u00e9gant et raffin\u00e9 pour des ambiances de luxe qui peut \u00eatre coordonn\u00e9 avec Orvieto, qui reproduit sa texture sous forme de larges rayures, et avec Spello.<\/p>\n","protected":false},"excerpt":{"rendered":"<p>Un tissu \u00e0 tentures \u00e0 chevrons avec un effet naturel\u00a0: un look contemporain lumineux, \u00e9l\u00e9gant et raffin\u00e9 pour des ambiances de luxe qui peut \u00eatre coordonn\u00e9 avec Orvieto, qui reproduit sa texture sous forme de larges rayures, et avec Spello.<\/p>\n","protected":false},"featured_media":95349,"template":"","meta":{"_acf_changed":false},"product_brand":[],"product_cat":[9016],"product_tag":[],"collezione":[],"class_list":{"0":"post-95983","1":"product","2":"type-product","3":"status-publish","4":"has-post-thumbnail","6":"product_cat-alessandro-bini-tessuti-ditalia-fr","8":"first","9":"instock","10":"taxable","11":"shipping-taxable","12":"purchasable","13":"product-type-variable"},"acf":[],"_links":{"self":[{"href":"https:\/\/www.alessandrobini.com\/fr\/wp-json\/wp\/v2\/product\/95983","targetHints":{"allow":["GET"]}}],"collection":[{"href":"https:\/\/www.alessandrobini.com\/fr\/wp-json\/wp\/v2\/product"}],"about":[{"href":"https:\/\/www.alessandrobini.com\/fr\/wp-json\/wp\/v2\/types\/product"}],"wp:featuredmedia":[{"embeddable":true,"href":"https:\/\/www.alessandrobini.com\/fr\/wp-json\/wp\/v2\/media\/95349"}],"wp:attachment":[{"href":"https:\/\/www.alessandrobini.com\/fr\/wp-json\/wp\/v2\/media?parent=95983"}],"wp:term":[{"taxonomy":"product_brand","embeddable":true,"href":"https:\/\/www.alessandrobini.com\/fr\/wp-json\/wp\/v2\/product_brand?post=95983"},{"taxonomy":"product_cat","embeddable":true,"href":"https:\/\/www.alessandrobini.com\/fr\/wp-json\/wp\/v2\/product_cat?post=95983"},{"taxonomy":"product_tag","embeddable":true,"href":"https:\/\/www.alessandrobini.com\/fr\/wp-json\/wp\/v2\/product_tag?post=95983"},{"taxonomy":"collezione","embeddable":true,"href":"https:\/\/www.alessandrobini.com\/fr\/wp-json\/wp\/v2\/collezione?post=95983"}],"curies":[{"name":"wp","href":"https:\/\/api.w.org\/{rel}","templated":true}]}}