{"id":95971,"date":"2024-01-18T17:31:32","date_gmt":"2024-01-18T16:31:32","guid":{"rendered":"https:\/\/www.alessandrobini.com\/?post_type=product&#038;p=95971"},"modified":"2024-01-31T15:08:22","modified_gmt":"2024-01-31T14:08:22","slug":"procida","status":"publish","type":"product","link":"https:\/\/www.alessandrobini.com\/fr\/alessandro-bini-tessuti-ditalia-fr\/prodotti\/procida\/","title":{"rendered":"Procida"},"content":{"rendered":"<p class=\"p1\">Doux et moelleux, Procida est un tissu \u00e0 tentures naturel compos\u00e9 principalement de laine vierge et de laine. Ses larges rayures entrecoup\u00e9es de fines lignes en lurex forment une combinaison \u00e9l\u00e9gante et raffin\u00e9e pour cr\u00e9er des d\u00e9cors contemporains de luxe.<\/p>\n","protected":false},"excerpt":{"rendered":"<p>Doux et moelleux, Procida est un tissu \u00e0 tentures naturel compos\u00e9 principalement de laine vierge et de laine. Ses larges rayures entrecoup\u00e9es de fines lignes en lurex forment une combinaison \u00e9l\u00e9gante et raffin\u00e9e pour cr\u00e9er des d\u00e9cors contemporains de luxe.<\/p>\n","protected":false},"featured_media":95292,"template":"","meta":{"_acf_changed":false},"product_brand":[],"product_cat":[9016],"product_tag":[],"collezione":[],"class_list":{"0":"post-95971","1":"product","2":"type-product","3":"status-publish","4":"has-post-thumbnail","6":"product_cat-alessandro-bini-tessuti-ditalia-fr","8":"first","9":"instock","10":"taxable","11":"shipping-taxable","12":"purchasable","13":"product-type-variable"},"acf":[],"_links":{"self":[{"href":"https:\/\/www.alessandrobini.com\/fr\/wp-json\/wp\/v2\/product\/95971","targetHints":{"allow":["GET"]}}],"collection":[{"href":"https:\/\/www.alessandrobini.com\/fr\/wp-json\/wp\/v2\/product"}],"about":[{"href":"https:\/\/www.alessandrobini.com\/fr\/wp-json\/wp\/v2\/types\/product"}],"wp:featuredmedia":[{"embeddable":true,"href":"https:\/\/www.alessandrobini.com\/fr\/wp-json\/wp\/v2\/media\/95292"}],"wp:attachment":[{"href":"https:\/\/www.alessandrobini.com\/fr\/wp-json\/wp\/v2\/media?parent=95971"}],"wp:term":[{"taxonomy":"product_brand","embeddable":true,"href":"https:\/\/www.alessandrobini.com\/fr\/wp-json\/wp\/v2\/product_brand?post=95971"},{"taxonomy":"product_cat","embeddable":true,"href":"https:\/\/www.alessandrobini.com\/fr\/wp-json\/wp\/v2\/product_cat?post=95971"},{"taxonomy":"product_tag","embeddable":true,"href":"https:\/\/www.alessandrobini.com\/fr\/wp-json\/wp\/v2\/product_tag?post=95971"},{"taxonomy":"collezione","embeddable":true,"href":"https:\/\/www.alessandrobini.com\/fr\/wp-json\/wp\/v2\/collezione?post=95971"}],"curies":[{"name":"wp","href":"https:\/\/api.w.org\/{rel}","templated":true}]}}