{"id":95959,"date":"2024-01-18T17:22:19","date_gmt":"2024-01-18T16:22:19","guid":{"rendered":"https:\/\/www.alessandrobini.com\/?post_type=product&#038;p=95959"},"modified":"2024-01-31T15:04:47","modified_gmt":"2024-01-31T14:04:47","slug":"murano","status":"publish","type":"product","link":"https:\/\/www.alessandrobini.com\/fr\/alessandro-bini-tessuti-ditalia-fr\/prodotti\/murano\/","title":{"rendered":"Murano"},"content":{"rendered":"<p class=\"p1\">Tissu \u00e0 tentures ray\u00e9 \u00e0 effet naturel, caract\u00e9ris\u00e9 par une texture alternant des fils \u00e9pais chenille et bouclette avec des fils brillants et de minuscules paillettes \u00e9parses, pour un effet enveloppant et lumineux. Murano est un tissu luxueux, \u00e9l\u00e9gant et raffin\u00e9.<\/p>\n","protected":false},"excerpt":{"rendered":"<p>Tissu \u00e0 tentures ray\u00e9 \u00e0 effet naturel, caract\u00e9ris\u00e9 par une texture alternant des fils \u00e9pais chenille et bouclette avec des fils brillants et de minuscules paillettes \u00e9parses, pour un effet enveloppant et lumineux. Murano est un tissu luxueux, \u00e9l\u00e9gant et raffin\u00e9.<\/p>\n","protected":false},"featured_media":95254,"template":"","meta":{"_acf_changed":false},"product_brand":[],"product_cat":[9016],"product_tag":[],"collezione":[],"class_list":{"0":"post-95959","1":"product","2":"type-product","3":"status-publish","4":"has-post-thumbnail","6":"product_cat-alessandro-bini-tessuti-ditalia-fr","8":"first","9":"instock","10":"taxable","11":"shipping-taxable","12":"purchasable","13":"product-type-variable"},"acf":[],"_links":{"self":[{"href":"https:\/\/www.alessandrobini.com\/fr\/wp-json\/wp\/v2\/product\/95959","targetHints":{"allow":["GET"]}}],"collection":[{"href":"https:\/\/www.alessandrobini.com\/fr\/wp-json\/wp\/v2\/product"}],"about":[{"href":"https:\/\/www.alessandrobini.com\/fr\/wp-json\/wp\/v2\/types\/product"}],"wp:featuredmedia":[{"embeddable":true,"href":"https:\/\/www.alessandrobini.com\/fr\/wp-json\/wp\/v2\/media\/95254"}],"wp:attachment":[{"href":"https:\/\/www.alessandrobini.com\/fr\/wp-json\/wp\/v2\/media?parent=95959"}],"wp:term":[{"taxonomy":"product_brand","embeddable":true,"href":"https:\/\/www.alessandrobini.com\/fr\/wp-json\/wp\/v2\/product_brand?post=95959"},{"taxonomy":"product_cat","embeddable":true,"href":"https:\/\/www.alessandrobini.com\/fr\/wp-json\/wp\/v2\/product_cat?post=95959"},{"taxonomy":"product_tag","embeddable":true,"href":"https:\/\/www.alessandrobini.com\/fr\/wp-json\/wp\/v2\/product_tag?post=95959"},{"taxonomy":"collezione","embeddable":true,"href":"https:\/\/www.alessandrobini.com\/fr\/wp-json\/wp\/v2\/collezione?post=95959"}],"curies":[{"name":"wp","href":"https:\/\/api.w.org\/{rel}","templated":true}]}}