{"id":95800,"date":"2024-01-18T15:08:07","date_gmt":"2024-01-18T14:08:07","guid":{"rendered":"https:\/\/www.alessandrobini.com\/?post_type=product&#038;p=95800"},"modified":"2025-03-10T10:59:25","modified_gmt":"2025-03-10T09:59:25","slug":"positano","status":"publish","type":"product","link":"https:\/\/www.alessandrobini.com\/fr\/alessandro-bini-tessuti-ditalia-fr\/prodotti\/positano\/","title":{"rendered":"Positano"},"content":{"rendered":"<p class=\"p1\">Magnifique tissu d&#8217;ext\u00e9rieur, hydrofuge et tr\u00e8s r\u00e9sistant aux rayons UV, caract\u00e9ris\u00e9 par sa texture tiss\u00e9e, sa lourdeur exceptionnelle et sa large palette de couleurs, Positano a \u00e9t\u00e9 cr\u00e9\u00e9 pour les meubles d&#8217;ext\u00e9rieur de charme. \u00c9l\u00e9gant et raffin\u00e9, il habille aussi parfaitement les int\u00e9rieurs pour cr\u00e9er des espaces de continuit\u00e9 distingu\u00e9s et exclusifs.<\/p>\n","protected":false},"excerpt":{"rendered":"<p>Magnifique tissu d&#8217;ext\u00e9rieur, hydrofuge et tr\u00e8s r\u00e9sistant aux rayons UV, caract\u00e9ris\u00e9 par sa texture tiss\u00e9e, sa lourdeur exceptionnelle et sa large palette de couleurs, Positano a \u00e9t\u00e9 cr\u00e9\u00e9 pour les meubles d&#8217;ext\u00e9rieur de charme. \u00c9l\u00e9gant et raffin\u00e9, il habille aussi parfaitement les int\u00e9rieurs pour cr\u00e9er des espaces de continuit\u00e9 distingu\u00e9s et exclusifs.<\/p>\n","protected":false},"featured_media":94882,"template":"","meta":{"_acf_changed":false},"product_brand":[],"product_cat":[9016],"product_tag":[],"collezione":[],"class_list":{"0":"post-95800","1":"product","2":"type-product","3":"status-publish","4":"has-post-thumbnail","6":"product_cat-alessandro-bini-tessuti-ditalia-fr","8":"first","9":"instock","10":"taxable","11":"shipping-taxable","12":"purchasable","13":"product-type-variable"},"acf":[],"_links":{"self":[{"href":"https:\/\/www.alessandrobini.com\/fr\/wp-json\/wp\/v2\/product\/95800","targetHints":{"allow":["GET"]}}],"collection":[{"href":"https:\/\/www.alessandrobini.com\/fr\/wp-json\/wp\/v2\/product"}],"about":[{"href":"https:\/\/www.alessandrobini.com\/fr\/wp-json\/wp\/v2\/types\/product"}],"wp:featuredmedia":[{"embeddable":true,"href":"https:\/\/www.alessandrobini.com\/fr\/wp-json\/wp\/v2\/media\/94882"}],"wp:attachment":[{"href":"https:\/\/www.alessandrobini.com\/fr\/wp-json\/wp\/v2\/media?parent=95800"}],"wp:term":[{"taxonomy":"product_brand","embeddable":true,"href":"https:\/\/www.alessandrobini.com\/fr\/wp-json\/wp\/v2\/product_brand?post=95800"},{"taxonomy":"product_cat","embeddable":true,"href":"https:\/\/www.alessandrobini.com\/fr\/wp-json\/wp\/v2\/product_cat?post=95800"},{"taxonomy":"product_tag","embeddable":true,"href":"https:\/\/www.alessandrobini.com\/fr\/wp-json\/wp\/v2\/product_tag?post=95800"},{"taxonomy":"collezione","embeddable":true,"href":"https:\/\/www.alessandrobini.com\/fr\/wp-json\/wp\/v2\/collezione?post=95800"}],"curies":[{"name":"wp","href":"https:\/\/api.w.org\/{rel}","templated":true}]}}