{"id":95653,"date":"2024-01-18T12:14:21","date_gmt":"2024-01-18T11:14:21","guid":{"rendered":"https:\/\/www.alessandrobini.com\/?post_type=product&#038;p=95653"},"modified":"2024-01-31T10:47:40","modified_gmt":"2024-01-31T09:47:40","slug":"berenice","status":"publish","type":"product","link":"https:\/\/www.alessandrobini.com\/fr\/alessandro-bini-tessuti-ditalia-fr\/prodotti\/berenice\/","title":{"rendered":"Berenice"},"content":{"rendered":"<p class=\"p1\">L&#8217;\u00e9l\u00e9gance et le raffinement des fils, le charme de la soie, une vari\u00e9t\u00e9 de textures jacquard \u00e9labor\u00e9es m\u00e9lang\u00e9es \u00e0 des g\u00e9om\u00e9tries captivantes, des tons de couleurs contemporains, donnent vie \u00e0 un sujet figuratif qui \u00e9voque les splendeurs du pass\u00e9 et se projette vers des sc\u00e9narios futurs.<\/p>\n<p class=\"p1\">Berenice est un lampas, un chef d&#8217;\u0153uvre de tissage, pour une d\u00e9coration de luxe contemporaine.<\/p>\n","protected":false},"excerpt":{"rendered":"<p>L&#8217;\u00e9l\u00e9gance et le raffinement des fils, le charme de la soie, une vari\u00e9t\u00e9 de textures jacquard \u00e9labor\u00e9es m\u00e9lang\u00e9es \u00e0 des g\u00e9om\u00e9tries captivantes, des tons de couleurs contemporains, donnent vie \u00e0 un sujet figuratif qui \u00e9voque les splendeurs du pass\u00e9 et se projette vers des sc\u00e9narios futurs. Berenice est un lampas, un chef d&#8217;\u0153uvre de tissage, [&hellip;]<\/p>\n","protected":false},"featured_media":95500,"template":"","meta":{"_acf_changed":false},"product_brand":[],"product_cat":[9016],"product_tag":[],"collezione":[],"class_list":{"0":"post-95653","1":"product","2":"type-product","3":"status-publish","4":"has-post-thumbnail","6":"product_cat-alessandro-bini-tessuti-ditalia-fr","8":"first","9":"instock","10":"taxable","11":"shipping-taxable","12":"purchasable","13":"product-type-variable"},"acf":[],"_links":{"self":[{"href":"https:\/\/www.alessandrobini.com\/fr\/wp-json\/wp\/v2\/product\/95653","targetHints":{"allow":["GET"]}}],"collection":[{"href":"https:\/\/www.alessandrobini.com\/fr\/wp-json\/wp\/v2\/product"}],"about":[{"href":"https:\/\/www.alessandrobini.com\/fr\/wp-json\/wp\/v2\/types\/product"}],"wp:featuredmedia":[{"embeddable":true,"href":"https:\/\/www.alessandrobini.com\/fr\/wp-json\/wp\/v2\/media\/95500"}],"wp:attachment":[{"href":"https:\/\/www.alessandrobini.com\/fr\/wp-json\/wp\/v2\/media?parent=95653"}],"wp:term":[{"taxonomy":"product_brand","embeddable":true,"href":"https:\/\/www.alessandrobini.com\/fr\/wp-json\/wp\/v2\/product_brand?post=95653"},{"taxonomy":"product_cat","embeddable":true,"href":"https:\/\/www.alessandrobini.com\/fr\/wp-json\/wp\/v2\/product_cat?post=95653"},{"taxonomy":"product_tag","embeddable":true,"href":"https:\/\/www.alessandrobini.com\/fr\/wp-json\/wp\/v2\/product_tag?post=95653"},{"taxonomy":"collezione","embeddable":true,"href":"https:\/\/www.alessandrobini.com\/fr\/wp-json\/wp\/v2\/collezione?post=95653"}],"curies":[{"name":"wp","href":"https:\/\/api.w.org\/{rel}","templated":true}]}}