{"id":92354,"date":"2023-10-05T17:08:21","date_gmt":"2023-10-05T15:08:21","guid":{"rendered":"https:\/\/www.alessandrobini.com\/prodotto\/plain\/"},"modified":"2023-10-18T15:30:44","modified_gmt":"2023-10-18T13:30:44","slug":"plain","status":"publish","type":"product","link":"https:\/\/www.alessandrobini.com\/fr\/alessandro-bini-tessuti-dal-mondo-fr\/prodotti\/plain\/","title":{"rendered":"PLAIN"},"content":{"rendered":"<p class=\"p1\"><b>Galaxy est le tissu bi-\u00e9lastique<\/b> exclusif d&#8217;Alessandro Bini, disponible en deux motifs g\u00e9om\u00e9triques assortis \u00e0 effet bulle. Disponible dans de nombreuses couleurs vives et tendance.<\/p>\n","protected":false},"excerpt":{"rendered":"<p>Galaxy est le tissu bi-\u00e9lastique exclusif d&#8217;Alessandro Bini, disponible en deux motifs g\u00e9om\u00e9triques assortis \u00e0 effet bulle. Disponible dans de nombreuses couleurs vives et tendance.<\/p>\n","protected":false},"featured_media":92087,"template":"","meta":{"_acf_changed":false},"product_brand":[],"product_cat":[9324],"product_tag":[],"collezione":[19223],"class_list":{"0":"post-92354","1":"product","2":"type-product","3":"status-publish","4":"has-post-thumbnail","6":"product_cat-alessandro-bini-tessuti-dal-mondo-fr","7":"collezione-galaxy-collection-fr","9":"first","10":"instock","11":"taxable","12":"shipping-taxable","13":"purchasable","14":"product-type-variable"},"acf":[],"_links":{"self":[{"href":"https:\/\/www.alessandrobini.com\/fr\/wp-json\/wp\/v2\/product\/92354","targetHints":{"allow":["GET"]}}],"collection":[{"href":"https:\/\/www.alessandrobini.com\/fr\/wp-json\/wp\/v2\/product"}],"about":[{"href":"https:\/\/www.alessandrobini.com\/fr\/wp-json\/wp\/v2\/types\/product"}],"wp:featuredmedia":[{"embeddable":true,"href":"https:\/\/www.alessandrobini.com\/fr\/wp-json\/wp\/v2\/media\/92087"}],"wp:attachment":[{"href":"https:\/\/www.alessandrobini.com\/fr\/wp-json\/wp\/v2\/media?parent=92354"}],"wp:term":[{"taxonomy":"product_brand","embeddable":true,"href":"https:\/\/www.alessandrobini.com\/fr\/wp-json\/wp\/v2\/product_brand?post=92354"},{"taxonomy":"product_cat","embeddable":true,"href":"https:\/\/www.alessandrobini.com\/fr\/wp-json\/wp\/v2\/product_cat?post=92354"},{"taxonomy":"product_tag","embeddable":true,"href":"https:\/\/www.alessandrobini.com\/fr\/wp-json\/wp\/v2\/product_tag?post=92354"},{"taxonomy":"collezione","embeddable":true,"href":"https:\/\/www.alessandrobini.com\/fr\/wp-json\/wp\/v2\/collezione?post=92354"}],"curies":[{"name":"wp","href":"https:\/\/api.w.org\/{rel}","templated":true}]}}