{"id":85980,"date":"2023-03-16T11:33:43","date_gmt":"2023-03-16T10:33:43","guid":{"rendered":"https:\/\/www.alessandrobini.com\/?post_type=product&#038;p=85980"},"modified":"2026-04-01T10:11:06","modified_gmt":"2026-04-01T08:11:06","slug":"pitigliano-copia-2","status":"publish","type":"product","link":"https:\/\/www.alessandrobini.com\/fr\/prodotti\/pitigliano-copia\/","title":{"rendered":"Maremma Collection Pitigliano"},"content":{"rendered":"<p class=\"p1\"><strong>Maremma Collection &#8211; Pitigliano<\/strong> est un tissu mixte naturel double face, il est r\u00e9alis\u00e9 avec un fil multicolore. Il a un effet boucl\u00e9 d\u00e9licat.<\/p>\n","protected":false},"excerpt":{"rendered":"<p>Maremma Collection &#8211; Pitigliano est un tissu mixte naturel double face, il est r\u00e9alis\u00e9 avec un fil multicolore. Il a un effet boucl\u00e9 d\u00e9licat.<\/p>\n","protected":false},"featured_media":84371,"template":"","meta":{"_acf_changed":false},"product_brand":[],"product_cat":[9016],"product_tag":[],"collezione":[19076],"class_list":{"0":"post-85980","1":"product","2":"type-product","3":"status-publish","4":"has-post-thumbnail","6":"product_cat-alessandro-bini-tessuti-ditalia-fr","7":"collezione-maremma-collection-fr","9":"first","10":"instock","11":"taxable","12":"shipping-taxable","13":"purchasable","14":"product-type-variable"},"acf":[],"_links":{"self":[{"href":"https:\/\/www.alessandrobini.com\/fr\/wp-json\/wp\/v2\/product\/85980","targetHints":{"allow":["GET"]}}],"collection":[{"href":"https:\/\/www.alessandrobini.com\/fr\/wp-json\/wp\/v2\/product"}],"about":[{"href":"https:\/\/www.alessandrobini.com\/fr\/wp-json\/wp\/v2\/types\/product"}],"wp:featuredmedia":[{"embeddable":true,"href":"https:\/\/www.alessandrobini.com\/fr\/wp-json\/wp\/v2\/media\/84371"}],"wp:attachment":[{"href":"https:\/\/www.alessandrobini.com\/fr\/wp-json\/wp\/v2\/media?parent=85980"}],"wp:term":[{"taxonomy":"product_brand","embeddable":true,"href":"https:\/\/www.alessandrobini.com\/fr\/wp-json\/wp\/v2\/product_brand?post=85980"},{"taxonomy":"product_cat","embeddable":true,"href":"https:\/\/www.alessandrobini.com\/fr\/wp-json\/wp\/v2\/product_cat?post=85980"},{"taxonomy":"product_tag","embeddable":true,"href":"https:\/\/www.alessandrobini.com\/fr\/wp-json\/wp\/v2\/product_tag?post=85980"},{"taxonomy":"collezione","embeddable":true,"href":"https:\/\/www.alessandrobini.com\/fr\/wp-json\/wp\/v2\/collezione?post=85980"}],"curies":[{"name":"wp","href":"https:\/\/api.w.org\/{rel}","templated":true}]}}