{"id":49612,"date":"2021-05-11T13:32:39","date_gmt":"2021-05-11T11:32:39","guid":{"rendered":"https:\/\/www.alessandrobini.com\/prodotto\/vintage\/"},"modified":"2025-03-10T23:02:51","modified_gmt":"2025-03-10T22:02:51","slug":"vintage","status":"publish","type":"product","link":"https:\/\/www.alessandrobini.com\/fr\/alessandro-bini-tessuti-ditalia-fr\/prodotti\/vintage\/","title":{"rendered":"Vintage"},"content":{"rendered":"<p>L\u2019article<strong> Vintage<\/strong>, <strong>\u00e9cocuir<\/strong> bestseller de la collection, se distingue par le toucher soyeux \u00e0 l\u2019<strong>effet nubuck<\/strong>, une sensation velout\u00e9e \u00e0 la vue et au toucher. Sa r\u00e9sistance au frottement et la certification ignifuge en font un article tr\u00e8s appr\u00e9ci\u00e9 par le secteur hospitality.<\/p>\n","protected":false},"excerpt":{"rendered":"<p>L\u2019article Vintage, \u00e9cocuir bestseller de la collection, se distingue par le toucher soyeux \u00e0 l\u2019effet nubuck, une sensation velout\u00e9e \u00e0 la vue et au toucher. Sa r\u00e9sistance au frottement et la certification ignifuge en font un article tr\u00e8s appr\u00e9ci\u00e9 par le secteur hospitality.<\/p>\n","protected":false},"featured_media":49624,"template":"","meta":{"_acf_changed":false},"product_brand":[],"product_cat":[9016],"product_tag":[],"collezione":[],"class_list":{"0":"post-49612","1":"product","2":"type-product","3":"status-publish","4":"has-post-thumbnail","6":"product_cat-alessandro-bini-tessuti-ditalia-fr","8":"first","9":"instock","10":"taxable","11":"shipping-taxable","12":"purchasable","13":"product-type-variable"},"acf":[],"_links":{"self":[{"href":"https:\/\/www.alessandrobini.com\/fr\/wp-json\/wp\/v2\/product\/49612","targetHints":{"allow":["GET"]}}],"collection":[{"href":"https:\/\/www.alessandrobini.com\/fr\/wp-json\/wp\/v2\/product"}],"about":[{"href":"https:\/\/www.alessandrobini.com\/fr\/wp-json\/wp\/v2\/types\/product"}],"wp:featuredmedia":[{"embeddable":true,"href":"https:\/\/www.alessandrobini.com\/fr\/wp-json\/wp\/v2\/media\/49624"}],"wp:attachment":[{"href":"https:\/\/www.alessandrobini.com\/fr\/wp-json\/wp\/v2\/media?parent=49612"}],"wp:term":[{"taxonomy":"product_brand","embeddable":true,"href":"https:\/\/www.alessandrobini.com\/fr\/wp-json\/wp\/v2\/product_brand?post=49612"},{"taxonomy":"product_cat","embeddable":true,"href":"https:\/\/www.alessandrobini.com\/fr\/wp-json\/wp\/v2\/product_cat?post=49612"},{"taxonomy":"product_tag","embeddable":true,"href":"https:\/\/www.alessandrobini.com\/fr\/wp-json\/wp\/v2\/product_tag?post=49612"},{"taxonomy":"collezione","embeddable":true,"href":"https:\/\/www.alessandrobini.com\/fr\/wp-json\/wp\/v2\/collezione?post=49612"}],"curies":[{"name":"wp","href":"https:\/\/api.w.org\/{rel}","templated":true}]}}