{"id":49561,"date":"2021-05-11T13:32:38","date_gmt":"2021-05-11T11:32:38","guid":{"rendered":"https:\/\/www.alessandrobini.com\/prodotto\/ventotene\/"},"modified":"2021-12-21T09:43:20","modified_gmt":"2021-12-21T08:43:20","slug":"ventotene","status":"publish","type":"product","link":"https:\/\/www.alessandrobini.com\/fr\/alessandro-bini-tessuti-ditalia-fr\/prodotti\/ventotene\/","title":{"rendered":"VENTOTENE"},"content":{"rendered":"<p><strong>Ventotene<\/strong> est un tissu en pur lin teint en un fil aux tons p\u00e2les. La double hauteur en fait le tissu id\u00e9al pour r\u00e9aliser des tentures.<\/p>\n","protected":false},"excerpt":{"rendered":"<p>Ventotene est un tissu en pur lin teint en un fil aux tons p\u00e2les. La double hauteur en fait le tissu id\u00e9al pour r\u00e9aliser des tentures.<\/p>\n","protected":false},"featured_media":49563,"template":"","meta":{"_acf_changed":false},"product_brand":[],"product_cat":[9016],"product_tag":[],"collezione":[],"class_list":{"0":"post-49561","1":"product","2":"type-product","3":"status-publish","4":"has-post-thumbnail","6":"product_cat-alessandro-bini-tessuti-ditalia-fr","8":"first","9":"instock","10":"taxable","11":"shipping-taxable","12":"purchasable","13":"product-type-variable"},"acf":[],"_links":{"self":[{"href":"https:\/\/www.alessandrobini.com\/fr\/wp-json\/wp\/v2\/product\/49561","targetHints":{"allow":["GET"]}}],"collection":[{"href":"https:\/\/www.alessandrobini.com\/fr\/wp-json\/wp\/v2\/product"}],"about":[{"href":"https:\/\/www.alessandrobini.com\/fr\/wp-json\/wp\/v2\/types\/product"}],"wp:featuredmedia":[{"embeddable":true,"href":"https:\/\/www.alessandrobini.com\/fr\/wp-json\/wp\/v2\/media\/49563"}],"wp:attachment":[{"href":"https:\/\/www.alessandrobini.com\/fr\/wp-json\/wp\/v2\/media?parent=49561"}],"wp:term":[{"taxonomy":"product_brand","embeddable":true,"href":"https:\/\/www.alessandrobini.com\/fr\/wp-json\/wp\/v2\/product_brand?post=49561"},{"taxonomy":"product_cat","embeddable":true,"href":"https:\/\/www.alessandrobini.com\/fr\/wp-json\/wp\/v2\/product_cat?post=49561"},{"taxonomy":"product_tag","embeddable":true,"href":"https:\/\/www.alessandrobini.com\/fr\/wp-json\/wp\/v2\/product_tag?post=49561"},{"taxonomy":"collezione","embeddable":true,"href":"https:\/\/www.alessandrobini.com\/fr\/wp-json\/wp\/v2\/collezione?post=49561"}],"curies":[{"name":"wp","href":"https:\/\/api.w.org\/{rel}","templated":true}]}}