{"id":48572,"date":"2021-05-11T13:32:33","date_gmt":"2021-05-11T11:32:33","guid":{"rendered":"https:\/\/www.alessandrobini.com\/prodotto\/shetland\/"},"modified":"2021-12-20T17:58:33","modified_gmt":"2021-12-20T16:58:33","slug":"shetland","status":"publish","type":"product","link":"https:\/\/www.alessandrobini.com\/fr\/alessandro-bini-tessuti-ditalia-fr\/prodotti\/shetland\/","title":{"rendered":"SHETLAND"},"content":{"rendered":"<p><strong>Shetland<\/strong> est en laine et polyamide m\u00e9lang\u00e9s au toucher doux et chaud, disponible en de nombreuses variantes de couleur. L\u2019union de la laine avec le polyamide permet au tissu d\u2019\u00eatre plus chaud, avec une couleur plus solide, plus hygi\u00e9nique et avec un entretien tr\u00e8s simple. Le polyamide, en outre, poss\u00e8de un indice de perm\u00e9abilit\u00e9 \u00e9lev\u00e9 et, par cons\u00e9quent, une plus grande transpirabilit\u00e9.<\/p>\n","protected":false},"excerpt":{"rendered":"<p>Shetland est en laine et polyamide m\u00e9lang\u00e9s au toucher doux et chaud, disponible en de nombreuses variantes de couleur. L\u2019union de la laine avec le polyamide permet au tissu d\u2019\u00eatre plus chaud, avec une couleur plus solide, plus hygi\u00e9nique et avec un entretien tr\u00e8s simple. Le polyamide, en outre, poss\u00e8de un indice de perm\u00e9abilit\u00e9 \u00e9lev\u00e9 [&hellip;]<\/p>\n","protected":false},"featured_media":48680,"template":"","meta":{"_acf_changed":false},"product_brand":[],"product_cat":[9016],"product_tag":[],"collezione":[],"class_list":{"0":"post-48572","1":"product","2":"type-product","3":"status-publish","4":"has-post-thumbnail","6":"product_cat-alessandro-bini-tessuti-ditalia-fr","8":"first","9":"instock","10":"taxable","11":"shipping-taxable","12":"purchasable","13":"product-type-variable"},"acf":[],"_links":{"self":[{"href":"https:\/\/www.alessandrobini.com\/fr\/wp-json\/wp\/v2\/product\/48572","targetHints":{"allow":["GET"]}}],"collection":[{"href":"https:\/\/www.alessandrobini.com\/fr\/wp-json\/wp\/v2\/product"}],"about":[{"href":"https:\/\/www.alessandrobini.com\/fr\/wp-json\/wp\/v2\/types\/product"}],"wp:featuredmedia":[{"embeddable":true,"href":"https:\/\/www.alessandrobini.com\/fr\/wp-json\/wp\/v2\/media\/48680"}],"wp:attachment":[{"href":"https:\/\/www.alessandrobini.com\/fr\/wp-json\/wp\/v2\/media?parent=48572"}],"wp:term":[{"taxonomy":"product_brand","embeddable":true,"href":"https:\/\/www.alessandrobini.com\/fr\/wp-json\/wp\/v2\/product_brand?post=48572"},{"taxonomy":"product_cat","embeddable":true,"href":"https:\/\/www.alessandrobini.com\/fr\/wp-json\/wp\/v2\/product_cat?post=48572"},{"taxonomy":"product_tag","embeddable":true,"href":"https:\/\/www.alessandrobini.com\/fr\/wp-json\/wp\/v2\/product_tag?post=48572"},{"taxonomy":"collezione","embeddable":true,"href":"https:\/\/www.alessandrobini.com\/fr\/wp-json\/wp\/v2\/collezione?post=48572"}],"curies":[{"name":"wp","href":"https:\/\/api.w.org\/{rel}","templated":true}]}}