{"id":48129,"date":"2021-05-11T13:32:24","date_gmt":"2021-05-11T11:32:24","guid":{"rendered":"https:\/\/www.alessandrobini.com\/prodotto\/mill\/"},"modified":"2025-03-10T22:35:12","modified_gmt":"2025-03-10T21:35:12","slug":"mill","status":"publish","type":"product","link":"https:\/\/www.alessandrobini.com\/fr\/alessandro-bini-tessuti-ditalia-fr\/prodotti\/mill\/","title":{"rendered":"Mill"},"content":{"rendered":"<p><strong>Mill<\/strong> : transparence en contraste avec des bandes verticales de tissage aux couleurs douces qui conf\u00e8rent \u00e0 ce tissu un effet artisanal. R\u00e9alis\u00e9 avec des fibres de <strong>polyester Trevira Cs<\/strong>, il est id\u00e9al pour l\u2019ameublement contract. Disponible en cinq couleurs.<\/p>\n","protected":false},"excerpt":{"rendered":"<p>Mill : transparence en contraste avec des bandes verticales de tissage aux couleurs douces qui conf\u00e8rent \u00e0 ce tissu un effet artisanal. R\u00e9alis\u00e9 avec des fibres de polyester Trevira Cs, il est id\u00e9al pour l\u2019ameublement contract. Disponible en cinq couleurs.<\/p>\n","protected":false},"featured_media":48132,"template":"","meta":{"_acf_changed":false},"product_brand":[],"product_cat":[9016],"product_tag":[],"collezione":[],"class_list":{"0":"post-48129","1":"product","2":"type-product","3":"status-publish","4":"has-post-thumbnail","6":"product_cat-alessandro-bini-tessuti-ditalia-fr","8":"first","9":"instock","10":"taxable","11":"shipping-taxable","12":"purchasable","13":"product-type-variable"},"acf":[],"_links":{"self":[{"href":"https:\/\/www.alessandrobini.com\/fr\/wp-json\/wp\/v2\/product\/48129","targetHints":{"allow":["GET"]}}],"collection":[{"href":"https:\/\/www.alessandrobini.com\/fr\/wp-json\/wp\/v2\/product"}],"about":[{"href":"https:\/\/www.alessandrobini.com\/fr\/wp-json\/wp\/v2\/types\/product"}],"wp:featuredmedia":[{"embeddable":true,"href":"https:\/\/www.alessandrobini.com\/fr\/wp-json\/wp\/v2\/media\/48132"}],"wp:attachment":[{"href":"https:\/\/www.alessandrobini.com\/fr\/wp-json\/wp\/v2\/media?parent=48129"}],"wp:term":[{"taxonomy":"product_brand","embeddable":true,"href":"https:\/\/www.alessandrobini.com\/fr\/wp-json\/wp\/v2\/product_brand?post=48129"},{"taxonomy":"product_cat","embeddable":true,"href":"https:\/\/www.alessandrobini.com\/fr\/wp-json\/wp\/v2\/product_cat?post=48129"},{"taxonomy":"product_tag","embeddable":true,"href":"https:\/\/www.alessandrobini.com\/fr\/wp-json\/wp\/v2\/product_tag?post=48129"},{"taxonomy":"collezione","embeddable":true,"href":"https:\/\/www.alessandrobini.com\/fr\/wp-json\/wp\/v2\/collezione?post=48129"}],"curies":[{"name":"wp","href":"https:\/\/api.w.org\/{rel}","templated":true}]}}