{"id":48090,"date":"2021-05-11T13:32:23","date_gmt":"2021-05-11T11:32:23","guid":{"rendered":"https:\/\/www.alessandrobini.com\/prodotto\/luna\/"},"modified":"2025-03-10T22:30:08","modified_gmt":"2025-03-10T21:30:08","slug":"luna","status":"publish","type":"product","link":"https:\/\/www.alessandrobini.com\/fr\/alessandro-bini-tessuti-ditalia-fr\/prodotti\/luna\/","title":{"rendered":"Luna"},"content":{"rendered":"<p><strong>Luna<\/strong> est un tissu avec finition irr\u00e9guli\u00e8re l\u00e9g\u00e8rement en relief, inspir\u00e9e des crat\u00e8res lunaires qui le rend douillet et charpent\u00e9. R\u00e9alis\u00e9 avec des fibres de <strong>polyester Trevira Cs<\/strong>, est id\u00e9al pour l\u2019ameublement. Disponible en six couleurs.<\/p>\n","protected":false},"excerpt":{"rendered":"<p>Luna est un tissu avec finition irr\u00e9guli\u00e8re l\u00e9g\u00e8rement en relief, inspir\u00e9e des crat\u00e8res lunaires qui le rend douillet et charpent\u00e9. R\u00e9alis\u00e9 avec des fibres de polyester Trevira Cs, est id\u00e9al pour l\u2019ameublement. Disponible en six couleurs.<\/p>\n","protected":false},"featured_media":48092,"template":"","meta":{"_acf_changed":false},"product_brand":[],"product_cat":[9016],"product_tag":[],"collezione":[],"class_list":{"0":"post-48090","1":"product","2":"type-product","3":"status-publish","4":"has-post-thumbnail","6":"product_cat-alessandro-bini-tessuti-ditalia-fr","8":"first","9":"instock","10":"taxable","11":"shipping-taxable","12":"purchasable","13":"product-type-variable"},"acf":[],"_links":{"self":[{"href":"https:\/\/www.alessandrobini.com\/fr\/wp-json\/wp\/v2\/product\/48090","targetHints":{"allow":["GET"]}}],"collection":[{"href":"https:\/\/www.alessandrobini.com\/fr\/wp-json\/wp\/v2\/product"}],"about":[{"href":"https:\/\/www.alessandrobini.com\/fr\/wp-json\/wp\/v2\/types\/product"}],"wp:featuredmedia":[{"embeddable":true,"href":"https:\/\/www.alessandrobini.com\/fr\/wp-json\/wp\/v2\/media\/48092"}],"wp:attachment":[{"href":"https:\/\/www.alessandrobini.com\/fr\/wp-json\/wp\/v2\/media?parent=48090"}],"wp:term":[{"taxonomy":"product_brand","embeddable":true,"href":"https:\/\/www.alessandrobini.com\/fr\/wp-json\/wp\/v2\/product_brand?post=48090"},{"taxonomy":"product_cat","embeddable":true,"href":"https:\/\/www.alessandrobini.com\/fr\/wp-json\/wp\/v2\/product_cat?post=48090"},{"taxonomy":"product_tag","embeddable":true,"href":"https:\/\/www.alessandrobini.com\/fr\/wp-json\/wp\/v2\/product_tag?post=48090"},{"taxonomy":"collezione","embeddable":true,"href":"https:\/\/www.alessandrobini.com\/fr\/wp-json\/wp\/v2\/collezione?post=48090"}],"curies":[{"name":"wp","href":"https:\/\/api.w.org\/{rel}","templated":true}]}}