{"id":47817,"date":"2021-05-11T13:32:22","date_gmt":"2021-05-11T11:32:22","guid":{"rendered":"https:\/\/www.alessandrobini.com\/prodotto\/loom\/"},"modified":"2025-03-10T22:22:45","modified_gmt":"2025-03-10T21:22:45","slug":"loom","status":"publish","type":"product","link":"https:\/\/www.alessandrobini.com\/fr\/alessandro-bini-tessuti-ditalia-fr\/prodotti\/loom\/","title":{"rendered":"Loom"},"content":{"rendered":"<p class=\"p1\"><strong>Loom, rideau ignifuge,<\/strong> se caract\u00e9rise par ses rayures de couleurs vives contrast\u00e9es avec de l\u00e9g\u00e8res transparences. Une synth\u00e8se d\u2019harmonie et de dynamisme. R\u00e9alis\u00e9 avec des fibres de polyester Trevira Cs, il est id\u00e9al pour l\u2019ameublement contract. Disponible en quatre variantes de couleurs.<\/p>\n","protected":false},"excerpt":{"rendered":"<p>Loom, rideau ignifuge, se caract\u00e9rise par ses rayures de couleurs vives contrast\u00e9es avec de l\u00e9g\u00e8res transparences. Une synth\u00e8se d\u2019harmonie et de dynamisme. R\u00e9alis\u00e9 avec des fibres de polyester Trevira Cs, il est id\u00e9al pour l\u2019ameublement contract. Disponible en quatre variantes de couleurs.<\/p>\n","protected":false},"featured_media":47820,"template":"","meta":{"_acf_changed":false},"product_brand":[],"product_cat":[9016],"product_tag":[],"collezione":[],"class_list":{"0":"post-47817","1":"product","2":"type-product","3":"status-publish","4":"has-post-thumbnail","6":"product_cat-alessandro-bini-tessuti-ditalia-fr","8":"first","9":"instock","10":"taxable","11":"shipping-taxable","12":"purchasable","13":"product-type-variable"},"acf":[],"_links":{"self":[{"href":"https:\/\/www.alessandrobini.com\/fr\/wp-json\/wp\/v2\/product\/47817","targetHints":{"allow":["GET"]}}],"collection":[{"href":"https:\/\/www.alessandrobini.com\/fr\/wp-json\/wp\/v2\/product"}],"about":[{"href":"https:\/\/www.alessandrobini.com\/fr\/wp-json\/wp\/v2\/types\/product"}],"wp:featuredmedia":[{"embeddable":true,"href":"https:\/\/www.alessandrobini.com\/fr\/wp-json\/wp\/v2\/media\/47820"}],"wp:attachment":[{"href":"https:\/\/www.alessandrobini.com\/fr\/wp-json\/wp\/v2\/media?parent=47817"}],"wp:term":[{"taxonomy":"product_brand","embeddable":true,"href":"https:\/\/www.alessandrobini.com\/fr\/wp-json\/wp\/v2\/product_brand?post=47817"},{"taxonomy":"product_cat","embeddable":true,"href":"https:\/\/www.alessandrobini.com\/fr\/wp-json\/wp\/v2\/product_cat?post=47817"},{"taxonomy":"product_tag","embeddable":true,"href":"https:\/\/www.alessandrobini.com\/fr\/wp-json\/wp\/v2\/product_tag?post=47817"},{"taxonomy":"collezione","embeddable":true,"href":"https:\/\/www.alessandrobini.com\/fr\/wp-json\/wp\/v2\/collezione?post=47817"}],"curies":[{"name":"wp","href":"https:\/\/api.w.org\/{rel}","templated":true}]}}