{"id":47425,"date":"2021-06-26T13:00:18","date_gmt":"2021-06-26T11:00:18","guid":{"rendered":"https:\/\/www.alessandrobini.com\/prodotto\/unito-3\/"},"modified":"2026-04-01T10:15:07","modified_gmt":"2026-04-01T08:15:07","slug":"unito-3","status":"publish","type":"product","link":"https:\/\/www.alessandrobini.com\/fr\/alessandro-bini-tessuti-ditalia-fr\/prodotti\/unito-3\/","title":{"rendered":"Miami Collection Unito"},"content":{"rendered":"<p><strong>Miami Collection &#8211; unito<\/strong> est un tissu en polypropyl\u00e8ne qui a subi un traitement qui le rend r\u00e9sistant \u00e0 l\u2019exposition aux rayons UV. La couleur r\u00e9siste au cours du temps sans se d\u00e9colorer. Id\u00e9al donc pour r\u00e9aliser des meubles rembourr\u00e9s d\u2019ext\u00e9rieur, comme les transats de bord de piscine, les coussins et les divans de jardin. La certification <strong>Oeko-tex<\/strong> garantit l\u2019absence de substances nocives au contact de la peau et le respect des processus de production durables et socialement responsables. Cet article est \u00e9galement anti-moisissure, anti-acariens et anti-tache.<\/p>\n","protected":false},"excerpt":{"rendered":"<p>Miami Collection &#8211; unito est un tissu en polypropyl\u00e8ne qui a subi un traitement qui le rend r\u00e9sistant \u00e0 l\u2019exposition aux rayons UV. La couleur r\u00e9siste au cours du temps sans se d\u00e9colorer. Id\u00e9al donc pour r\u00e9aliser des meubles rembourr\u00e9s d\u2019ext\u00e9rieur, comme les transats de bord de piscine, les coussins et les divans de jardin. [&hellip;]<\/p>\n","protected":false},"featured_media":47429,"template":"","meta":{"_acf_changed":false},"product_brand":[],"product_cat":[9016],"product_tag":[],"collezione":[18979],"class_list":{"0":"post-47425","1":"product","2":"type-product","3":"status-publish","4":"has-post-thumbnail","6":"product_cat-alessandro-bini-tessuti-ditalia-fr","7":"collezione-miami-collection-fr","9":"first","10":"instock","11":"taxable","12":"shipping-taxable","13":"purchasable","14":"product-type-variable"},"acf":[],"_links":{"self":[{"href":"https:\/\/www.alessandrobini.com\/fr\/wp-json\/wp\/v2\/product\/47425","targetHints":{"allow":["GET"]}}],"collection":[{"href":"https:\/\/www.alessandrobini.com\/fr\/wp-json\/wp\/v2\/product"}],"about":[{"href":"https:\/\/www.alessandrobini.com\/fr\/wp-json\/wp\/v2\/types\/product"}],"wp:featuredmedia":[{"embeddable":true,"href":"https:\/\/www.alessandrobini.com\/fr\/wp-json\/wp\/v2\/media\/47429"}],"wp:attachment":[{"href":"https:\/\/www.alessandrobini.com\/fr\/wp-json\/wp\/v2\/media?parent=47425"}],"wp:term":[{"taxonomy":"product_brand","embeddable":true,"href":"https:\/\/www.alessandrobini.com\/fr\/wp-json\/wp\/v2\/product_brand?post=47425"},{"taxonomy":"product_cat","embeddable":true,"href":"https:\/\/www.alessandrobini.com\/fr\/wp-json\/wp\/v2\/product_cat?post=47425"},{"taxonomy":"product_tag","embeddable":true,"href":"https:\/\/www.alessandrobini.com\/fr\/wp-json\/wp\/v2\/product_tag?post=47425"},{"taxonomy":"collezione","embeddable":true,"href":"https:\/\/www.alessandrobini.com\/fr\/wp-json\/wp\/v2\/collezione?post=47425"}],"curies":[{"name":"wp","href":"https:\/\/api.w.org\/{rel}","templated":true}]}}