{"id":46961,"date":"2021-05-11T13:32:12","date_gmt":"2021-05-11T11:32:12","guid":{"rendered":"https:\/\/www.alessandrobini.com\/prodotto\/etoile\/"},"modified":"2025-03-10T22:07:57","modified_gmt":"2025-03-10T21:07:57","slug":"etoile","status":"publish","type":"product","link":"https:\/\/www.alessandrobini.com\/fr\/alessandro-bini-tessuti-ditalia-fr\/prodotti\/etoile\/","title":{"rendered":"Etoile"},"content":{"rendered":"<p><strong>Etoile<\/strong>, un tissage de fils blancs et color\u00e9s cr\u00e9e un effet m\u00e9lange. R\u00e9alis\u00e9 avec des fibres de <strong>polyester FR<\/strong>, id\u00e9al pour l\u2019ameublement contract. Disponible en vingt-trois couleurs.<\/p>\n","protected":false},"excerpt":{"rendered":"<p>Etoile, un tissage de fils blancs et color\u00e9s cr\u00e9e un effet m\u00e9lange. R\u00e9alis\u00e9 avec des fibres de polyester FR, id\u00e9al pour l\u2019ameublement contract. Disponible en vingt-trois couleurs.<\/p>\n","protected":false},"featured_media":46963,"template":"","meta":{"_acf_changed":false},"product_brand":[],"product_cat":[9016],"product_tag":[],"collezione":[],"class_list":{"0":"post-46961","1":"product","2":"type-product","3":"status-publish","4":"has-post-thumbnail","6":"product_cat-alessandro-bini-tessuti-ditalia-fr","8":"first","9":"instock","10":"taxable","11":"shipping-taxable","12":"purchasable","13":"product-type-variable"},"acf":[],"_links":{"self":[{"href":"https:\/\/www.alessandrobini.com\/fr\/wp-json\/wp\/v2\/product\/46961","targetHints":{"allow":["GET"]}}],"collection":[{"href":"https:\/\/www.alessandrobini.com\/fr\/wp-json\/wp\/v2\/product"}],"about":[{"href":"https:\/\/www.alessandrobini.com\/fr\/wp-json\/wp\/v2\/types\/product"}],"wp:featuredmedia":[{"embeddable":true,"href":"https:\/\/www.alessandrobini.com\/fr\/wp-json\/wp\/v2\/media\/46963"}],"wp:attachment":[{"href":"https:\/\/www.alessandrobini.com\/fr\/wp-json\/wp\/v2\/media?parent=46961"}],"wp:term":[{"taxonomy":"product_brand","embeddable":true,"href":"https:\/\/www.alessandrobini.com\/fr\/wp-json\/wp\/v2\/product_brand?post=46961"},{"taxonomy":"product_cat","embeddable":true,"href":"https:\/\/www.alessandrobini.com\/fr\/wp-json\/wp\/v2\/product_cat?post=46961"},{"taxonomy":"product_tag","embeddable":true,"href":"https:\/\/www.alessandrobini.com\/fr\/wp-json\/wp\/v2\/product_tag?post=46961"},{"taxonomy":"collezione","embeddable":true,"href":"https:\/\/www.alessandrobini.com\/fr\/wp-json\/wp\/v2\/collezione?post=46961"}],"curies":[{"name":"wp","href":"https:\/\/api.w.org\/{rel}","templated":true}]}}