{"id":46942,"date":"2021-06-29T13:00:23","date_gmt":"2021-06-29T11:00:23","guid":{"rendered":"https:\/\/www.alessandrobini.com\/prodotto\/goccia\/"},"modified":"2021-12-20T15:39:38","modified_gmt":"2021-12-20T14:39:38","slug":"goccia","status":"publish","type":"product","link":"https:\/\/www.alessandrobini.com\/fr\/alessandro-bini-tessuti-ditalia\/prodotti\/goccia\/","title":{"rendered":"Goccia"},"content":{"rendered":"<p><strong>Matelass\u00e8 \u2013 Goccia<\/strong> est un pur coton italien matelass\u00e9. Son dessin simple mais original permet d\u2019ins\u00e9rer le tissu dans n\u2019importe quel type d&#8217;int\u00e9rieur. La qualit\u00e9 tr\u00e8s \u00e9lev\u00e9e du coton permet \u00e0 cet article de durer dans le temps en conservant toujours ses caract\u00e9ristiques. Le lavage \u00e0 l\u2019eau pr\u00e9servera sa douceur et son aspect naturel. Toute la collection est d\u00e9di\u00e9e au monde de la chambre ; indiqu\u00e9 pour les couvre-lits et les couvre-t\u00eati\u00e8res.<\/p>\n","protected":false},"excerpt":{"rendered":"<p>Matelass\u00e8 \u2013 Goccia est un pur coton italien matelass\u00e9. Son dessin simple mais original permet d\u2019ins\u00e9rer le tissu dans n\u2019importe quel type d&#8217;int\u00e9rieur. La qualit\u00e9 tr\u00e8s \u00e9lev\u00e9e du coton permet \u00e0 cet article de durer dans le temps en conservant toujours ses caract\u00e9ristiques. Le lavage \u00e0 l\u2019eau pr\u00e9servera sa douceur et son aspect naturel. Toute [&hellip;]<\/p>\n","protected":false},"featured_media":46952,"template":"","meta":{"_acf_changed":false},"product_brand":[],"product_cat":[9016],"product_tag":[],"collezione":[10081],"class_list":{"0":"post-46942","1":"product","2":"type-product","3":"status-publish","4":"has-post-thumbnail","6":"product_cat-alessandro-bini-tessuti-ditalia-fr","7":"collezione-matelasse-collection-fr","9":"first","10":"instock","11":"taxable","12":"shipping-taxable","13":"purchasable","14":"product-type-variable"},"acf":[],"_links":{"self":[{"href":"https:\/\/www.alessandrobini.com\/fr\/wp-json\/wp\/v2\/product\/46942","targetHints":{"allow":["GET"]}}],"collection":[{"href":"https:\/\/www.alessandrobini.com\/fr\/wp-json\/wp\/v2\/product"}],"about":[{"href":"https:\/\/www.alessandrobini.com\/fr\/wp-json\/wp\/v2\/types\/product"}],"wp:featuredmedia":[{"embeddable":true,"href":"https:\/\/www.alessandrobini.com\/fr\/wp-json\/wp\/v2\/media\/46952"}],"wp:attachment":[{"href":"https:\/\/www.alessandrobini.com\/fr\/wp-json\/wp\/v2\/media?parent=46942"}],"wp:term":[{"taxonomy":"product_brand","embeddable":true,"href":"https:\/\/www.alessandrobini.com\/fr\/wp-json\/wp\/v2\/product_brand?post=46942"},{"taxonomy":"product_cat","embeddable":true,"href":"https:\/\/www.alessandrobini.com\/fr\/wp-json\/wp\/v2\/product_cat?post=46942"},{"taxonomy":"product_tag","embeddable":true,"href":"https:\/\/www.alessandrobini.com\/fr\/wp-json\/wp\/v2\/product_tag?post=46942"},{"taxonomy":"collezione","embeddable":true,"href":"https:\/\/www.alessandrobini.com\/fr\/wp-json\/wp\/v2\/collezione?post=46942"}],"curies":[{"name":"wp","href":"https:\/\/api.w.org\/{rel}","templated":true}]}}