{"id":46783,"date":"2021-06-20T13:00:06","date_gmt":"2021-06-20T11:00:06","guid":{"rendered":"https:\/\/www.alessandrobini.com\/prodotto\/carillon\/"},"modified":"2021-12-20T15:25:26","modified_gmt":"2021-12-20T14:25:26","slug":"carillon","status":"publish","type":"product","link":"https:\/\/www.alessandrobini.com\/fr\/alessandro-bini-tessuti-ditalia-fr\/prodotti\/carillon\/","title":{"rendered":"CARILLON"},"content":{"rendered":"<p><strong>Carillon<\/strong>, de la<strong> collection Driver<\/strong>, est un satin en pur coton imprim\u00e9 coordonn\u00e9 au tissu uni Taxi J, indiqu\u00e9 pour la confection de linge de lit, d\u2019\u00e9dredons et de rideaux. Disponible en deux variantes de couleurs.<\/p>\n","protected":false},"excerpt":{"rendered":"<p>Carillon, de la collection Driver, est un satin en pur coton imprim\u00e9 coordonn\u00e9 au tissu uni Taxi J, indiqu\u00e9 pour la confection de linge de lit, d\u2019\u00e9dredons et de rideaux. Disponible en deux variantes de couleurs.<\/p>\n","protected":false},"featured_media":46785,"template":"","meta":{"_acf_changed":false},"product_brand":[],"product_cat":[9016],"product_tag":[],"collezione":[10054],"class_list":{"0":"post-46783","1":"product","2":"type-product","3":"status-publish","4":"has-post-thumbnail","6":"product_cat-alessandro-bini-tessuti-ditalia-fr","7":"collezione-driver-collection-fr","9":"first","10":"instock","11":"taxable","12":"shipping-taxable","13":"purchasable","14":"product-type-variable"},"acf":[],"_links":{"self":[{"href":"https:\/\/www.alessandrobini.com\/fr\/wp-json\/wp\/v2\/product\/46783","targetHints":{"allow":["GET"]}}],"collection":[{"href":"https:\/\/www.alessandrobini.com\/fr\/wp-json\/wp\/v2\/product"}],"about":[{"href":"https:\/\/www.alessandrobini.com\/fr\/wp-json\/wp\/v2\/types\/product"}],"wp:featuredmedia":[{"embeddable":true,"href":"https:\/\/www.alessandrobini.com\/fr\/wp-json\/wp\/v2\/media\/46785"}],"wp:attachment":[{"href":"https:\/\/www.alessandrobini.com\/fr\/wp-json\/wp\/v2\/media?parent=46783"}],"wp:term":[{"taxonomy":"product_brand","embeddable":true,"href":"https:\/\/www.alessandrobini.com\/fr\/wp-json\/wp\/v2\/product_brand?post=46783"},{"taxonomy":"product_cat","embeddable":true,"href":"https:\/\/www.alessandrobini.com\/fr\/wp-json\/wp\/v2\/product_cat?post=46783"},{"taxonomy":"product_tag","embeddable":true,"href":"https:\/\/www.alessandrobini.com\/fr\/wp-json\/wp\/v2\/product_tag?post=46783"},{"taxonomy":"collezione","embeddable":true,"href":"https:\/\/www.alessandrobini.com\/fr\/wp-json\/wp\/v2\/collezione?post=46783"}],"curies":[{"name":"wp","href":"https:\/\/api.w.org\/{rel}","templated":true}]}}