{"id":46438,"date":"2021-06-18T13:00:00","date_gmt":"2021-06-18T11:00:00","guid":{"rendered":"https:\/\/www.alessandrobini.com\/prodotto\/riga-media\/"},"modified":"2026-04-01T10:01:42","modified_gmt":"2026-04-01T08:01:42","slug":"riga-media","status":"publish","type":"product","link":"https:\/\/www.alessandrobini.com\/fr\/alessandro-bini-tessuti-ditalia-fr\/prodotti\/riga-media\/","title":{"rendered":"Country &#038; Love Collection Riga &#8211; media"},"content":{"rendered":"<p><strong>Country &amp; Love &#8211; Riga media<\/strong> est un tissu proven\u00e7al en pur coton utilis\u00e9 pour le rev\u00eatement de meubles rembourr\u00e9s. La double hauteur permet de l\u2019utiliser pour confectionner des rideaux dans des int\u00e9rieurs de style country.<\/p>\n","protected":false},"excerpt":{"rendered":"<p>Country &amp; Love &#8211; Riga media est un tissu proven\u00e7al en pur coton utilis\u00e9 pour le rev\u00eatement de meubles rembourr\u00e9s. La double hauteur permet de l\u2019utiliser pour confectionner des rideaux dans des int\u00e9rieurs de style country.<\/p>\n","protected":false},"featured_media":46440,"template":"","meta":{"_acf_changed":false},"product_brand":[],"product_cat":[9016],"product_tag":[],"collezione":[10045],"class_list":{"0":"post-46438","1":"product","2":"type-product","3":"status-publish","4":"has-post-thumbnail","6":"product_cat-alessandro-bini-tessuti-ditalia-fr","7":"collezione-country-love-collection-fr","9":"first","10":"instock","11":"taxable","12":"shipping-taxable","13":"purchasable","14":"product-type-variable"},"acf":[],"_links":{"self":[{"href":"https:\/\/www.alessandrobini.com\/fr\/wp-json\/wp\/v2\/product\/46438","targetHints":{"allow":["GET"]}}],"collection":[{"href":"https:\/\/www.alessandrobini.com\/fr\/wp-json\/wp\/v2\/product"}],"about":[{"href":"https:\/\/www.alessandrobini.com\/fr\/wp-json\/wp\/v2\/types\/product"}],"wp:featuredmedia":[{"embeddable":true,"href":"https:\/\/www.alessandrobini.com\/fr\/wp-json\/wp\/v2\/media\/46440"}],"wp:attachment":[{"href":"https:\/\/www.alessandrobini.com\/fr\/wp-json\/wp\/v2\/media?parent=46438"}],"wp:term":[{"taxonomy":"product_brand","embeddable":true,"href":"https:\/\/www.alessandrobini.com\/fr\/wp-json\/wp\/v2\/product_brand?post=46438"},{"taxonomy":"product_cat","embeddable":true,"href":"https:\/\/www.alessandrobini.com\/fr\/wp-json\/wp\/v2\/product_cat?post=46438"},{"taxonomy":"product_tag","embeddable":true,"href":"https:\/\/www.alessandrobini.com\/fr\/wp-json\/wp\/v2\/product_tag?post=46438"},{"taxonomy":"collezione","embeddable":true,"href":"https:\/\/www.alessandrobini.com\/fr\/wp-json\/wp\/v2\/collezione?post=46438"}],"curies":[{"name":"wp","href":"https:\/\/api.w.org\/{rel}","templated":true}]}}