{"id":122268,"date":"2026-01-28T16:26:13","date_gmt":"2026-01-28T15:26:13","guid":{"rendered":"https:\/\/www.alessandrobini.com\/?post_type=product&#038;p=122268"},"modified":"2026-03-16T12:15:16","modified_gmt":"2026-03-16T11:15:16","slug":"giraff","status":"publish","type":"product","link":"https:\/\/www.alessandrobini.com\/fr\/alessandro-bini-tessuti-ditalia-fr\/prodotti\/giraff\/","title":{"rendered":"Serengeti Collection Giraff"},"content":{"rendered":"<p data-start=\"252\" data-end=\"556\"><strong data-start=\"3052\" data-end=\"3062\">Giraff<\/strong> est un tissu Jacquard caract\u00e9ris\u00e9 par une g\u00e9om\u00e9trie verticale inspir\u00e9e des motifs naturels.<br data-start=\"3154\" data-end=\"3157\" \/>La trame \u00e9lance les surfaces et apporte un rythme visuel aux \u00e9l\u00e9ments d\u2019ameublement, alliant structure et l\u00e9g\u00e8ret\u00e9. Con\u00e7u pour des int\u00e9rieurs contemporains o\u00f9 le dessin devient un \u00e9l\u00e9ment distinctif.<br data-start=\"3356\" data-end=\"3359\" \/><em data-start=\"3359\" data-end=\"3636\">La collection Serengeti capture la force \u00e9l\u00e9gante de la nature et la traduit en trames sculpt\u00e9es, profondes et vibrantes. Six tissus Jacquard qui enveloppent les int\u00e9rieurs d\u2019une mati\u00e8re vivante et d\u2019une \u00e9l\u00e9gance nouvelle, intense et authentique, coordonn\u00e9s \u00e0 l\u2019uni <\/em><strong>Suvereto<\/strong><em data-start=\"3359\" data-end=\"3636\">.<\/em><\/p>\n","protected":false},"excerpt":{"rendered":"<p>Giraff est un tissu Jacquard caract\u00e9ris\u00e9 par une g\u00e9om\u00e9trie verticale inspir\u00e9e des motifs naturels.La trame \u00e9lance les surfaces et apporte un rythme visuel aux \u00e9l\u00e9ments d\u2019ameublement, alliant structure et l\u00e9g\u00e8ret\u00e9. Con\u00e7u pour des int\u00e9rieurs contemporains o\u00f9 le dessin devient un \u00e9l\u00e9ment distinctif.La collection Serengeti capture la force \u00e9l\u00e9gante de la nature et la traduit en [&hellip;]<\/p>\n","protected":false},"featured_media":122286,"template":"","meta":{"_acf_changed":false},"product_brand":[],"product_cat":[9016],"product_tag":[],"collezione":[22847],"class_list":{"0":"post-122268","1":"product","2":"type-product","3":"status-publish","4":"has-post-thumbnail","6":"product_cat-alessandro-bini-tessuti-ditalia-fr","7":"collezione-serengeti-collection","9":"first","10":"instock","11":"taxable","12":"shipping-taxable","13":"purchasable","14":"product-type-variable"},"acf":[],"_links":{"self":[{"href":"https:\/\/www.alessandrobini.com\/fr\/wp-json\/wp\/v2\/product\/122268","targetHints":{"allow":["GET"]}}],"collection":[{"href":"https:\/\/www.alessandrobini.com\/fr\/wp-json\/wp\/v2\/product"}],"about":[{"href":"https:\/\/www.alessandrobini.com\/fr\/wp-json\/wp\/v2\/types\/product"}],"wp:featuredmedia":[{"embeddable":true,"href":"https:\/\/www.alessandrobini.com\/fr\/wp-json\/wp\/v2\/media\/122286"}],"wp:attachment":[{"href":"https:\/\/www.alessandrobini.com\/fr\/wp-json\/wp\/v2\/media?parent=122268"}],"wp:term":[{"taxonomy":"product_brand","embeddable":true,"href":"https:\/\/www.alessandrobini.com\/fr\/wp-json\/wp\/v2\/product_brand?post=122268"},{"taxonomy":"product_cat","embeddable":true,"href":"https:\/\/www.alessandrobini.com\/fr\/wp-json\/wp\/v2\/product_cat?post=122268"},{"taxonomy":"product_tag","embeddable":true,"href":"https:\/\/www.alessandrobini.com\/fr\/wp-json\/wp\/v2\/product_tag?post=122268"},{"taxonomy":"collezione","embeddable":true,"href":"https:\/\/www.alessandrobini.com\/fr\/wp-json\/wp\/v2\/collezione?post=122268"}],"curies":[{"name":"wp","href":"https:\/\/api.w.org\/{rel}","templated":true}]}}