{"id":114234,"date":"2023-09-01T12:19:47","date_gmt":"2023-09-01T10:19:47","guid":{"rendered":"https:\/\/www.alessandrobini.com\/prodotto\/propus\/"},"modified":"2025-02-11T22:26:19","modified_gmt":"2025-02-11T21:26:19","slug":"propus","status":"publish","type":"product","link":"https:\/\/www.alessandrobini.com\/fr\/alessandro-bini-tessuti-dal-mondo\/prodotti\/propus\/","title":{"rendered":"Propus"},"content":{"rendered":"<p data-start=\"745\" data-end=\"902\"><strong data-start=\"745\" data-end=\"755\">Propus<\/strong>, un pied-de-poule moderne aux tons vifs. Une chenille hautement r\u00e9sistante, parfaite pour les canap\u00e9s, fauteuils et tout autre type de mobilier. Il est possible de demander le traitement anti-feu pour une quantit\u00e9 minimale d&#8217;une pi\u00e8ce, conforme aux certifications CLASSE 1 IM (IT), BS (UK) et CALIFORNIAN TEST (USA).<\/p>\n","protected":false},"excerpt":{"rendered":"<p>Propus, un pied-de-poule moderne aux tons vifs. Une chenille hautement r\u00e9sistante, parfaite pour les canap\u00e9s, fauteuils et tout autre type de mobilier. Il est possible de demander le traitement anti-feu pour une quantit\u00e9 minimale d&#8217;une pi\u00e8ce, conforme aux certifications CLASSE 1 IM (IT), BS (UK) et CALIFORNIAN TEST (USA).<\/p>\n","protected":false},"featured_media":90178,"template":"","meta":{"_acf_changed":false},"product_brand":[],"product_cat":[9324],"product_tag":[],"collezione":[],"class_list":{"0":"post-114234","1":"product","2":"type-product","3":"status-publish","4":"has-post-thumbnail","6":"product_cat-alessandro-bini-tessuti-dal-mondo-fr","8":"first","9":"instock","10":"taxable","11":"shipping-taxable","12":"purchasable","13":"product-type-variable"},"acf":[],"_links":{"self":[{"href":"https:\/\/www.alessandrobini.com\/fr\/wp-json\/wp\/v2\/product\/114234","targetHints":{"allow":["GET"]}}],"collection":[{"href":"https:\/\/www.alessandrobini.com\/fr\/wp-json\/wp\/v2\/product"}],"about":[{"href":"https:\/\/www.alessandrobini.com\/fr\/wp-json\/wp\/v2\/types\/product"}],"wp:featuredmedia":[{"embeddable":true,"href":"https:\/\/www.alessandrobini.com\/fr\/wp-json\/wp\/v2\/media\/90178"}],"wp:attachment":[{"href":"https:\/\/www.alessandrobini.com\/fr\/wp-json\/wp\/v2\/media?parent=114234"}],"wp:term":[{"taxonomy":"product_brand","embeddable":true,"href":"https:\/\/www.alessandrobini.com\/fr\/wp-json\/wp\/v2\/product_brand?post=114234"},{"taxonomy":"product_cat","embeddable":true,"href":"https:\/\/www.alessandrobini.com\/fr\/wp-json\/wp\/v2\/product_cat?post=114234"},{"taxonomy":"product_tag","embeddable":true,"href":"https:\/\/www.alessandrobini.com\/fr\/wp-json\/wp\/v2\/product_tag?post=114234"},{"taxonomy":"collezione","embeddable":true,"href":"https:\/\/www.alessandrobini.com\/fr\/wp-json\/wp\/v2\/collezione?post=114234"}],"curies":[{"name":"wp","href":"https:\/\/api.w.org\/{rel}","templated":true}]}}