{"id":103169,"date":"2025-01-17T16:46:50","date_gmt":"2025-01-17T15:46:50","guid":{"rendered":"https:\/\/www.alessandrobini.com\/prodotto\/100-colori\/"},"modified":"2025-01-20T14:42:31","modified_gmt":"2025-01-20T13:42:31","slug":"100-colori","status":"publish","type":"product","link":"https:\/\/www.alessandrobini.com\/fr\/alessandro-bini-tessuti-ditalia\/prodotti\/100-colori\/","title":{"rendered":"100 Colori"},"content":{"rendered":"<p><strong>100 Colori<\/strong> est un tissu produit en Italie, n\u00e9 de la n\u00e9cessit\u00e9 de cr\u00e9er un nouveau satin alliant l&#8217;\u00e9l\u00e9gance intemporelle et le raffinement de la soie au fil de coton, qui offre une plus grande r\u00e9sistance et une facilit\u00e9 de nettoyage et de repassage.<br \/>\nUn tissu qui transcende les fronti\u00e8res, disponible en 100 variantes de couleurs parmi lesquelles il est impossible de ne pas trouver la nuance souhait\u00e9e.<\/p>\n","protected":false},"excerpt":{"rendered":"<p>100 Colori est un tissu produit en Italie, n\u00e9 de la n\u00e9cessit\u00e9 de cr\u00e9er un nouveau satin alliant l&#8217;\u00e9l\u00e9gance intemporelle et le raffinement de la soie au fil de coton, qui offre une plus grande r\u00e9sistance et une facilit\u00e9 de nettoyage et de repassage. Un tissu qui transcende les fronti\u00e8res, disponible en 100 variantes de [&hellip;]<\/p>\n","protected":false},"featured_media":102436,"template":"","meta":{"_acf_changed":false},"product_brand":[],"product_cat":[9016],"product_tag":[],"collezione":[],"class_list":{"0":"post-103169","1":"product","2":"type-product","3":"status-publish","4":"has-post-thumbnail","6":"product_cat-alessandro-bini-tessuti-ditalia-fr","8":"first","9":"instock","10":"taxable","11":"shipping-taxable","12":"purchasable","13":"product-type-variable"},"acf":[],"_links":{"self":[{"href":"https:\/\/www.alessandrobini.com\/fr\/wp-json\/wp\/v2\/product\/103169","targetHints":{"allow":["GET"]}}],"collection":[{"href":"https:\/\/www.alessandrobini.com\/fr\/wp-json\/wp\/v2\/product"}],"about":[{"href":"https:\/\/www.alessandrobini.com\/fr\/wp-json\/wp\/v2\/types\/product"}],"wp:featuredmedia":[{"embeddable":true,"href":"https:\/\/www.alessandrobini.com\/fr\/wp-json\/wp\/v2\/media\/102436"}],"wp:attachment":[{"href":"https:\/\/www.alessandrobini.com\/fr\/wp-json\/wp\/v2\/media?parent=103169"}],"wp:term":[{"taxonomy":"product_brand","embeddable":true,"href":"https:\/\/www.alessandrobini.com\/fr\/wp-json\/wp\/v2\/product_brand?post=103169"},{"taxonomy":"product_cat","embeddable":true,"href":"https:\/\/www.alessandrobini.com\/fr\/wp-json\/wp\/v2\/product_cat?post=103169"},{"taxonomy":"product_tag","embeddable":true,"href":"https:\/\/www.alessandrobini.com\/fr\/wp-json\/wp\/v2\/product_tag?post=103169"},{"taxonomy":"collezione","embeddable":true,"href":"https:\/\/www.alessandrobini.com\/fr\/wp-json\/wp\/v2\/collezione?post=103169"}],"curies":[{"name":"wp","href":"https:\/\/api.w.org\/{rel}","templated":true}]}}