{"id":101744,"date":"2025-01-14T23:29:44","date_gmt":"2025-01-14T22:29:44","guid":{"rendered":"https:\/\/www.alessandrobini.com\/?post_type=product&#038;p=101744"},"modified":"2026-04-01T09:41:05","modified_gmt":"2026-04-01T07:41:05","slug":"emerald","status":"publish","type":"product","link":"https:\/\/www.alessandrobini.com\/fr\/alessandro-bini-tessuti-ditalia-fr\/prodotti\/emerald\/","title":{"rendered":"Cap Ferrat Collection Emerald"},"content":{"rendered":"<p>La <strong>Collection Cap Ferrat Indoor &amp; Outdoor<\/strong>, qui comprend trois tissus coordonn\u00e9s, le g\u00e9om\u00e9trique <strong>Emerald<\/strong>, l&#8217;uni <strong>Plain<\/strong> et le ray\u00e9 <strong>Stripe<\/strong>, se caract\u00e9rise par une texture effet boucl\u00e9, r\u00e9alis\u00e9e avec des fils m\u00e9lang\u00e9s.<\/p>\n<p>La coloration, inspir\u00e9e de la nature, est con\u00e7ue pour la cr\u00e9ation de meubles rembourr\u00e9s aussi bien en bord de mer qu&#8217;en ville. Tissu contemporain et de haute qualit\u00e9, il est parfait pour cr\u00e9er des environnements luxueux.<\/p>\n<p>Ces tissus sont trait\u00e9s pour \u00eatre d\u00e9perlants et <strong>SANS fluor<\/strong> conform\u00e9ment \u00e0 la loi.<\/p>\n","protected":false},"excerpt":{"rendered":"<p>La Collection Cap Ferrat Indoor &amp; Outdoor, qui comprend trois tissus coordonn\u00e9s, le g\u00e9om\u00e9trique Emerald, l&#8217;uni Plain et le ray\u00e9 Stripe, se caract\u00e9rise par une texture effet boucl\u00e9, r\u00e9alis\u00e9e avec des fils m\u00e9lang\u00e9s. La coloration, inspir\u00e9e de la nature, est con\u00e7ue pour la cr\u00e9ation de meubles rembourr\u00e9s aussi bien en bord de mer qu&#8217;en ville. [&hellip;]<\/p>\n","protected":false},"featured_media":106551,"template":"","meta":{"_acf_changed":false},"product_brand":[],"product_cat":[9016],"product_tag":[],"collezione":[20125],"class_list":{"0":"post-101744","1":"product","2":"type-product","3":"status-publish","4":"has-post-thumbnail","6":"product_cat-alessandro-bini-tessuti-ditalia-fr","7":"collezione-cap-ferrat-collection-fr","9":"first","10":"instock","11":"taxable","12":"shipping-taxable","13":"purchasable","14":"product-type-variable","15":"has-default-attributes"},"acf":[],"_links":{"self":[{"href":"https:\/\/www.alessandrobini.com\/fr\/wp-json\/wp\/v2\/product\/101744","targetHints":{"allow":["GET"]}}],"collection":[{"href":"https:\/\/www.alessandrobini.com\/fr\/wp-json\/wp\/v2\/product"}],"about":[{"href":"https:\/\/www.alessandrobini.com\/fr\/wp-json\/wp\/v2\/types\/product"}],"wp:featuredmedia":[{"embeddable":true,"href":"https:\/\/www.alessandrobini.com\/fr\/wp-json\/wp\/v2\/media\/106551"}],"wp:attachment":[{"href":"https:\/\/www.alessandrobini.com\/fr\/wp-json\/wp\/v2\/media?parent=101744"}],"wp:term":[{"taxonomy":"product_brand","embeddable":true,"href":"https:\/\/www.alessandrobini.com\/fr\/wp-json\/wp\/v2\/product_brand?post=101744"},{"taxonomy":"product_cat","embeddable":true,"href":"https:\/\/www.alessandrobini.com\/fr\/wp-json\/wp\/v2\/product_cat?post=101744"},{"taxonomy":"product_tag","embeddable":true,"href":"https:\/\/www.alessandrobini.com\/fr\/wp-json\/wp\/v2\/product_tag?post=101744"},{"taxonomy":"collezione","embeddable":true,"href":"https:\/\/www.alessandrobini.com\/fr\/wp-json\/wp\/v2\/collezione?post=101744"}],"curies":[{"name":"wp","href":"https:\/\/api.w.org\/{rel}","templated":true}]}}