{"id":41657,"date":"2021-04-07T09:40:39","date_gmt":"2021-04-07T07:40:39","guid":{"rendered":"https:\/\/www.alessandrobini.com\/alessandro-bini-contract\/"},"modified":"2025-02-20T14:37:53","modified_gmt":"2025-02-20T13:37:53","slug":"alessandro-bini-contract","status":"publish","type":"page","link":"https:\/\/www.alessandrobini.com\/fr\/alessandro-bini-contract\/","title":{"rendered":"Alessandro Bini &#8211; Contract"},"content":{"rendered":"\t\t<div data-elementor-type=\"wp-page\" data-elementor-id=\"41657\" class=\"elementor elementor-41657 elementor-59\" data-elementor-post-type=\"page\">\n\t\t\t\t\t\t<section class=\"elementor-section elementor-top-section elementor-element elementor-element-90bbc52 section-abc elementor-section-boxed elementor-section-height-default elementor-section-height-default\" data-id=\"90bbc52\" data-element_type=\"section\" data-e-type=\"section\">\n\t\t\t\t\t\t<div class=\"elementor-container elementor-column-gap-default\">\n\t\t\t\t\t<div class=\"elementor-column elementor-col-100 elementor-top-column elementor-element elementor-element-9410c21\" data-id=\"9410c21\" data-element_type=\"column\" data-e-type=\"column\">\n\t\t\t<div class=\"elementor-widget-wrap elementor-element-populated\">\n\t\t\t\t\t\t<div class=\"elementor-element elementor-element-9ba1d1e h1-divider elementor-widget elementor-widget-heading\" data-id=\"9ba1d1e\" data-element_type=\"widget\" data-e-type=\"widget\" data-widget_type=\"heading.default\">\n\t\t\t\t<div class=\"elementor-widget-container\">\n\t\t\t\t\t<h1 class=\"elementor-heading-title elementor-size-default\">Contract<\/h1>\t\t\t\t<\/div>\n\t\t\t\t<\/div>\n\t\t\t\t<div class=\"elementor-element elementor-element-bcafb07 elementor-widget elementor-widget-heading\" data-id=\"bcafb07\" data-element_type=\"widget\" data-e-type=\"widget\" data-widget_type=\"heading.default\">\n\t\t\t\t<div class=\"elementor-widget-container\">\n\t\t\t\t\t<h2 class=\"elementor-heading-title elementor-size-default\">Services personnalis\u00e9s pour les secteurs de l\u2019h\u00f4tellerie, r\u00e9sidentiel et nautique.<\/h2>\t\t\t\t<\/div>\n\t\t\t\t<\/div>\n\t\t\t\t<div class=\"elementor-element elementor-element-5f8dd9f elementor-widget elementor-widget-text-editor\" data-id=\"5f8dd9f\" data-element_type=\"widget\" data-e-type=\"widget\" data-widget_type=\"text-editor.default\">\n\t\t\t\t<div class=\"elementor-widget-container\">\n\t\t\t\t\t\t\t\t\t<p><strong>Alessandro Bini Contract<\/strong> est le fruit d\u2019une longue <b>exp\u00e9rience dans le secteur de l\u2019h\u00f4tellerie<\/b>, avec une vaste gamme de textiles anti-feu. <\/p>\n<p>L\u2019engagement et l\u2019exp\u00e9rience ont permis de structurer une \u00e9quipe interne hautement qualifi\u00e9e pour assister les architectes et les contractants dans la personnalisation de produits ignifuges destin\u00e9s aux secteurs h\u00f4telier, nautique et de la vente au d\u00e9tail.<\/p>\n<p>Les fournitures textiles r\u00e9pondent \u00e0 toutes les exigences de s\u00e9curit\u00e9 pour l\u2019h\u00f4tellerie et le secteur naval, avec des certifications anti-feu valables en Italie et \u00e0 l\u2019\u00e9tranger. Notre \u00e9quipe, hautement qualifi\u00e9e, est capable de personnaliser les produits ignifuges destin\u00e9s aux secteurs de l\u2019h\u00f4tellerie, de la navigation et du commerce de d\u00e9tail. Nous personnalisons chaque \u00e9l\u00e9ment de finition et r\u00e9alisons des <b>produits sp\u00e9ciaux sur mesure<\/b>.<\/p>\n<p> Les bureaux graphiques et de design internes offrent un <b>soutien pour chaque type <\/b><b>de personnalisation<\/b>, des papiers peints aux tissus et jusqu\u2019aux broderies.<\/p>\n<p>La Division Contract repr\u00e9sente un service important pour le Groupe Alessandro Bini et travaille en \u00e9troite collaboration avec les architectes et les contractants pour offrir au client une exp\u00e9rience o\u00f9 qualit\u00e9, s\u00e9curit\u00e9 et souci du d\u00e9tail se traduisent par <b>l\u2019excellence made in Italy<\/b>.<\/p>\n\t\t\t\t\t\t\t\t<\/div>\n\t\t\t\t<\/div>\n\t\t\t\t\t<\/div>\n\t\t<\/div>\n\t\t\t\t\t<\/div>\n\t\t<\/section>\n\t\t\t\t<\/div>\n\t\t","protected":false},"excerpt":{"rendered":"<p>Contract Services personnalis\u00e9s pour les secteurs de l\u2019h\u00f4tellerie, r\u00e9sidentiel et nautique. Alessandro Bini Contract est le fruit d\u2019une longue exp\u00e9rience dans le secteur de l\u2019h\u00f4tellerie, avec une vaste gamme de textiles anti-feu. L\u2019engagement et l\u2019exp\u00e9rience ont permis de structurer une \u00e9quipe interne hautement qualifi\u00e9e pour assister les architectes et les contractants dans la personnalisation de [&hellip;]<\/p>\n","protected":false},"author":1,"featured_media":0,"parent":0,"menu_order":0,"comment_status":"closed","ping_status":"closed","template":"elementor_header_footer","meta":{"_acf_changed":false,"footnotes":""},"class_list":["post-41657","page","type-page","status-publish","hentry"],"acf":[],"_links":{"self":[{"href":"https:\/\/www.alessandrobini.com\/fr\/wp-json\/wp\/v2\/pages\/41657","targetHints":{"allow":["GET"]}}],"collection":[{"href":"https:\/\/www.alessandrobini.com\/fr\/wp-json\/wp\/v2\/pages"}],"about":[{"href":"https:\/\/www.alessandrobini.com\/fr\/wp-json\/wp\/v2\/types\/page"}],"author":[{"embeddable":true,"href":"https:\/\/www.alessandrobini.com\/fr\/wp-json\/wp\/v2\/users\/1"}],"replies":[{"embeddable":true,"href":"https:\/\/www.alessandrobini.com\/fr\/wp-json\/wp\/v2\/comments?post=41657"}],"version-history":[{"count":32,"href":"https:\/\/www.alessandrobini.com\/fr\/wp-json\/wp\/v2\/pages\/41657\/revisions"}],"predecessor-version":[{"id":115510,"href":"https:\/\/www.alessandrobini.com\/fr\/wp-json\/wp\/v2\/pages\/41657\/revisions\/115510"}],"wp:attachment":[{"href":"https:\/\/www.alessandrobini.com\/fr\/wp-json\/wp\/v2\/media?parent=41657"}],"curies":[{"name":"wp","href":"https:\/\/api.w.org\/{rel}","templated":true}]}}